{"id":7,"date":"2017-05-18T22:58:26","date_gmt":"2017-05-18T22:58:26","guid":{"rendered":"http:\/\/localhost\/wordpress\/?page_id=7"},"modified":"2025-12-27T12:33:57","modified_gmt":"2025-12-27T11:33:57","slug":"rent-bike","status":"publish","type":"page","link":"https:\/\/cyclingjonkoping.com\/en\/rent-bike\/","title":{"rendered":"Rent Bike"},"content":{"rendered":"<p>HYR CYKEL<\/p>\n","protected":false},"excerpt":{"rendered":"<p>HYR CYKEL<\/p>\n","protected":false},"author":1,"featured_media":0,"parent":0,"menu_order":0,"comment_status":"closed","ping_status":"closed","template":"pages\/RentBicycle.php","meta":{"_monsterinsights_skip_tracking":false,"_monsterinsights_sitenote_active":false,"_monsterinsights_sitenote_note":"","_monsterinsights_sitenote_category":0,"footnotes":""},"class_list":["post-7","page","type-page","status-publish","hentry"],"acf":{"hero_image":"https:\/\/cyclingjonkoping.com\/wp-content\/uploads\/2017\/05\/Heroimg-booking.jpg","top_page_header":"Get your bike in J\u00f6nk\u00f6ping - our rental page has moved!","top_page_text":"All bike rentals are now made through <a href=\"https:\/\/bikerentals.se\" target=\"_blank\" rel=\"noopener\">\r\n  <strong>Bikerentals by Sportson J\u00f6nk\u00f6ping<\/strong>\r\n<\/a>. Rent your bicycle, road bike, mountainbike or gravelbike in J\u00f6nk\u00f6ping and enjoy epic roads, trails or explore the views from the seat of an electric bike. Visiting J\u00f6nk\u00f6ping and it's surroundings, Sm\u00e5land and Sweden in general without cycling is not an option. \r\n\r\nRental bikes are picked up <a href=\"https:\/\/www.google.se\/search?tbm=lcl&q=Cycling+J%C3%B6nk%C3%B6ping&rflfq=1&num=20&stick=H4sIAAAAAAAAAB1QS2pcQQxkNsHLhDFZvNUcQarS9xa5ggkTvDCMsS-Wc-UUqeemaWhJ9dPTt-PZwVqQdr6zWclQNcwzM6iGe8Fpc1x9AO9Gd8InwrY06mXYQohhK8uBPX6oX2gGLIfg5nHlVOlaY3o1zHKhSfeMbVgwXApdx7ULC4wT7o4UMYWPllC253YK1Pml3t2LmbK0angxv1hRm9jxYS9PV6qWkadAb9KS-ksre6sAos1tzsh9XEu2Ztspa6LmnpNrQIWNMdLFyuxTSuiakK65Ai-hTSUUNGhtVdGK7358Dzn188gPPSST1lp8KndEckcOxDiiNO0pIALEytLfy-Xf5eev--P97X57eft83D7vLx-_X29_Hh__AcK9aHDGAQAA&ved=0ahUKEwjGyLmAxIrcAhXBYZoKHV7vCoEQjHIImgIwIg&rldimm=12369233069238956534&tbs=lrf:,lf:1#rlfi=hd:;si:2838306551375755543;mv:!1m3!1d37854.41633917889!2d14.18357125!3d57.773365199999986!2m3!1f0!2f0!3f0!3m2!1i642!2i427!4f13.1\/\">at Sportson<\/a> J\u00f6nk\u00f6ping, Sol\u00e5sv\u00e4gen 22.\r\nIf you like pick up or return bikes at hotel or other places than Sportson it is possible, cost found on the booking page.","bottom_page_header":"Interested in a guiding?","bottom_page_text":"Get your own cycling guide? Looking for guided tours for your cycling adventure? Or want to set up an group event? Why don\u00b4t get in touch and we\u00b4ll set you up with local cycling enthusiasts. And we\u00b4ll show you the hiddens gems.","top_page_text_link":"https:\/\/bikerentals.se\/","top_page_text_link_name":"<strong>Rent bike<\/strong>","hero_top_title":"Sportson J\u00f6nk\u00f6ping","hero_title":"Bike rental made easy"},"_links":{"self":[{"href":"https:\/\/cyclingjonkoping.com\/en\/wp-json\/wp\/v2\/pages\/7","targetHints":{"allow":["GET"]}}],"collection":[{"href":"https:\/\/cyclingjonkoping.com\/en\/wp-json\/wp\/v2\/pages"}],"about":[{"href":"https:\/\/cyclingjonkoping.com\/en\/wp-json\/wp\/v2\/types\/page"}],"author":[{"embeddable":true,"href":"https:\/\/cyclingjonkoping.com\/en\/wp-json\/wp\/v2\/users\/1"}],"replies":[{"embeddable":true,"href":"https:\/\/cyclingjonkoping.com\/en\/wp-json\/wp\/v2\/comments?post=7"}],"version-history":[{"count":53,"href":"https:\/\/cyclingjonkoping.com\/en\/wp-json\/wp\/v2\/pages\/7\/revisions"}],"predecessor-version":[{"id":1481,"href":"https:\/\/cyclingjonkoping.com\/en\/wp-json\/wp\/v2\/pages\/7\/revisions\/1481"}],"wp:attachment":[{"href":"https:\/\/cyclingjonkoping.com\/en\/wp-json\/wp\/v2\/media?parent=7"}],"curies":[{"name":"wp","href":"https:\/\/api.w.org\/{rel}","templated":true}]}}