{"id":380,"date":"2017-05-18T23:00:14","date_gmt":"2017-05-18T23:00:14","guid":{"rendered":"http:\/\/localhost\/wordpress\/?page_id=17"},"modified":"2017-12-10T16:16:17","modified_gmt":"2017-12-10T15:16:17","slug":"front-page","status":"publish","type":"page","link":"https:\/\/cyclingjonkoping.com\/en\/","title":{"rendered":"Front Page"},"content":{"rendered":"<p>FRONT PAGE<\/p>\n","protected":false},"excerpt":{"rendered":"<p>FRONT PAGE<\/p>\n","protected":false},"author":1,"featured_media":0,"parent":0,"menu_order":0,"comment_status":"closed","ping_status":"closed","template":"pages\/FrontPage.php","meta":{"_monsterinsights_skip_tracking":false,"_monsterinsights_sitenote_active":false,"_monsterinsights_sitenote_note":"","_monsterinsights_sitenote_category":0,"footnotes":""},"class_list":["post-380","page","type-page","status-publish","hentry"],"acf":{"hero_image":"https:\/\/cyclingjonkoping.com\/wp-content\/uploads\/2017\/05\/Frontpage-hero-1.jpg","hero_upper_text":"Lakes, hills & forests","hero_lower_text":"CYCLING IN SWEDEN","content_lower_text":"YOU, TWO WHEELS AND SUPERB ROUTES","content_text":"Wondering where you should start your next and maybe best cycling trip in Sweden? J\u00f6nk\u00f6ping, Gr\u00e4nna, Huskvarna, Visings\u00f6 is all great places to discover from the saddle. The Northern part of Sm\u00e5land yields great views, glittering lakes, green forests, vast meadows and steep hills. Magic roads and trails for road cycling enthusiasts, mountainbike lovers and gravel grinders. Regardless if you are a beginner or experienced rider this region offer scenic, historic, natural and cultural experiences \u2013 from the seat of a bicycle. Find rental bikes, routes, guides and inspiration here at Cycling J\u00f6nk\u00f6ping.","first_of_four_images":"https:\/\/cyclingjonkoping.com\/wp-content\/uploads\/2017\/06\/Landingpage-thumbnail-boka.jpg","first_of_four_images_link":"https:\/\/cyclingjonkoping.com\/en\/rent-bike\/","second_of_four_images":"https:\/\/cyclingjonkoping.com\/wp-content\/uploads\/2017\/06\/granna5-1-av-1.jpg","second_of_four_images_link":"https:\/\/cyclingjonkoping.com\/en\/stories\/","third_of_four_images":"https:\/\/cyclingjonkoping.com\/wp-content\/uploads\/2017\/06\/Startpage-Socialmedia-img.jpg","third_of_four_images_link":"https:\/\/cyclingjonkoping.com\/en\/routes\/","fourth_of_four_images":"https:\/\/cyclingjonkoping.com\/wp-content\/uploads\/2017\/06\/Landingpage-thumbnail-events.jpg","fourth_of_four_images_link":"https:\/\/cyclingjonkoping.com\/en\/events\/","locals_upper_text":"About us","locals_mid_text":"Cycling at its best in Sweden","locals_lower_text":"Cycling J\u00f6nk\u00f6ping provides inspiration, the best cycling routes, bicycle guides, rental bicycles, events, for visitors in the J\u00f6nk\u00f6ping region in Sweden. J\u00f6nk\u00f6ping, Gr\u00e4nna, Visings\u00f6 and Huskvarna is located in the northern part of Sm\u00e5land just by lake V\u00e4ttern and give plenty of opportunities for beautiful road cycling and easy accessible mountainbike trails. Download your own bike routes, book a cycling guide, rent a bike and get going! Follow us in our social channels for more inspiration and get in touch with any questions. We\u00b4ll always open to help out fellow cycling enthusiasts to find the best suitable cycling routes and trips in J\u00f6nk\u00f6ping, Sm\u00e5land o even Sweden. Weather you are on your first visit or a local grinder.","locals_facebook_link":"https:\/\/www.facebook.com\/","locals_instagram_link":"https:\/\/www.facebook.com\/","locals_linkedin_link":"https:\/\/www.facebook.com\/","locals_image":"https:\/\/cyclingjonkoping.com\/wp-content\/uploads\/2017\/05\/FrontPage-hero.jpg"},"_links":{"self":[{"href":"https:\/\/cyclingjonkoping.com\/en\/wp-json\/wp\/v2\/pages\/380","targetHints":{"allow":["GET"]}}],"collection":[{"href":"https:\/\/cyclingjonkoping.com\/en\/wp-json\/wp\/v2\/pages"}],"about":[{"href":"https:\/\/cyclingjonkoping.com\/en\/wp-json\/wp\/v2\/types\/page"}],"author":[{"embeddable":true,"href":"https:\/\/cyclingjonkoping.com\/en\/wp-json\/wp\/v2\/users\/1"}],"replies":[{"embeddable":true,"href":"https:\/\/cyclingjonkoping.com\/en\/wp-json\/wp\/v2\/comments?post=380"}],"version-history":[{"count":17,"href":"https:\/\/cyclingjonkoping.com\/en\/wp-json\/wp\/v2\/pages\/380\/revisions"}],"predecessor-version":[{"id":993,"href":"https:\/\/cyclingjonkoping.com\/en\/wp-json\/wp\/v2\/pages\/380\/revisions\/993"}],"wp:attachment":[{"href":"https:\/\/cyclingjonkoping.com\/en\/wp-json\/wp\/v2\/media?parent=380"}],"curies":[{"name":"wp","href":"https:\/\/api.w.org\/{rel}","templated":true}]}}