{"id":379,"date":"2017-05-18T22:59:47","date_gmt":"2017-05-18T22:59:47","guid":{"rendered":"http:\/\/localhost\/wordpress\/?page_id=15"},"modified":"2018-07-06T14:19:09","modified_gmt":"2018-07-06T13:19:09","slug":"locals","status":"publish","type":"page","link":"https:\/\/cyclingjonkoping.com\/en\/locals\/","title":{"rendered":"Contact"},"content":{"rendered":"","protected":false},"excerpt":{"rendered":"","protected":false},"author":1,"featured_media":0,"parent":0,"menu_order":0,"comment_status":"closed","ping_status":"closed","template":"pages\/locals.php","meta":{"_monsterinsights_skip_tracking":false,"_monsterinsights_sitenote_active":false,"_monsterinsights_sitenote_note":"","_monsterinsights_sitenote_category":0,"footnotes":""},"class_list":["post-379","page","type-page","status-publish","hentry"],"acf":{"hero_image":"https:\/\/cyclingjonkoping.com\/wp-content\/uploads\/2017\/06\/Locals-hero.jpg","hero_title":"CONTACT","hero_text":"Want to get your own cycling swedish cycling guide instead of GPS-routes or get in touch with local entusiast? Or maybe looking for guided tours for your perfect cycling adventure? Or want to set up an group event? Why don\u00b4t get in touch and we\u00b4ll set you up with local cycling enthusiasts. And we\u00b4ll show you the hiddens gems. Note! Rental bikes are picked up at <a href=\"https:\/\/www.google.se\/search?tbm=lcl&q=Cycling+J%C3%B6nk%C3%B6ping&rflfq=1&num=20&stick=H4sIAAAAAAAAAB1QS2pcQQxkNsHLhDFZvNUcQarS9xa5ggkTvDCMsS-Wc-UUqeemaWhJ9dPTt-PZwVqQdr6zWclQNcwzM6iGe8Fpc1x9AO9Gd8InwrY06mXYQohhK8uBPX6oX2gGLIfg5nHlVOlaY3o1zHKhSfeMbVgwXApdx7ULC4wT7o4UMYWPllC253YK1Pml3t2LmbK0angxv1hRm9jxYS9PV6qWkadAb9KS-ksre6sAos1tzsh9XEu2Ztspa6LmnpNrQIWNMdLFyuxTSuiakK65Ai-hTSUUNGhtVdGK7358Dzn188gPPSST1lp8KndEckcOxDiiNO0pIALEytLfy-Xf5eev--P97X57eft83D7vLx-_X29_Hh__AcK9aHDGAQAA&ved=0ahUKEwjGyLmAxIrcAhXBYZoKHV7vCoEQjHIImgIwIg&rldimm=12369233069238956534&tbs=lrf:,lf:1#rlfi=hd:;si:2838306551375755543;mv:!1m3!1d37854.41633917889!2d14.18357125!3d57.773365199999986!2m3!1f0!2f0!3f0!3m2!1i642!2i427!4f13.1\/\">this location<\/a> Sportson, Sol\u00e5sv\u00e4gen 22, 553 03, J\u00f6nk\u00f6ping.","page_title":"We who are climbing the hill","page_text":"Thinking about this for some time we had to get it started. Who\u00b4s behind Cycling J\u00f6nk\u00f6ping? See you in Sweden, on your bike!","bottom_section_title":"In cooperation with","bottom_section_text":"Bike rental found on Cycling J\u00f6nk\u00f6ping is run by Sportson J\u00f6nk\u00f6ping. Sportson is Swedens largest cycling specialist chain of stores. You will find knowledgeable mechanics and quality bikes. Scott, Specialised, Bianchi, Rocky Mountain, Crescent and more is found in the store and used for rental services. In J\u00f6nk\u00f6ping you find Sportson at Sol\u00e5sv\u00e4gen 22, 553 03, J\u00f6nk\u00f6ping.","question_text":"Any questions? Don\u00b4t hesitate to ask. Larger groups, want a local guide, looking for something in particular? Let us know!"},"_links":{"self":[{"href":"https:\/\/cyclingjonkoping.com\/en\/wp-json\/wp\/v2\/pages\/379","targetHints":{"allow":["GET"]}}],"collection":[{"href":"https:\/\/cyclingjonkoping.com\/en\/wp-json\/wp\/v2\/pages"}],"about":[{"href":"https:\/\/cyclingjonkoping.com\/en\/wp-json\/wp\/v2\/types\/page"}],"author":[{"embeddable":true,"href":"https:\/\/cyclingjonkoping.com\/en\/wp-json\/wp\/v2\/users\/1"}],"replies":[{"embeddable":true,"href":"https:\/\/cyclingjonkoping.com\/en\/wp-json\/wp\/v2\/comments?post=379"}],"version-history":[{"count":18,"href":"https:\/\/cyclingjonkoping.com\/en\/wp-json\/wp\/v2\/pages\/379\/revisions"}],"predecessor-version":[{"id":1191,"href":"https:\/\/cyclingjonkoping.com\/en\/wp-json\/wp\/v2\/pages\/379\/revisions\/1191"}],"wp:attachment":[{"href":"https:\/\/cyclingjonkoping.com\/en\/wp-json\/wp\/v2\/media?parent=379"}],"curies":[{"name":"wp","href":"https:\/\/api.w.org\/{rel}","templated":true}]}}