{"id":378,"date":"2017-05-18T22:59:33","date_gmt":"2017-05-18T22:59:33","guid":{"rendered":"http:\/\/localhost\/wordpress\/?page_id=13"},"modified":"2017-06-28T13:43:21","modified_gmt":"2017-06-28T12:43:21","slug":"events","status":"publish","type":"page","link":"https:\/\/cyclingjonkoping.com\/en\/events\/","title":{"rendered":"Events"},"content":{"rendered":"<p>EVENTS<\/p>\n","protected":false},"excerpt":{"rendered":"<p>EVENTS<\/p>\n","protected":false},"author":1,"featured_media":0,"parent":0,"menu_order":0,"comment_status":"closed","ping_status":"closed","template":"pages\/Events.php","meta":{"_monsterinsights_skip_tracking":false,"_monsterinsights_sitenote_active":false,"_monsterinsights_sitenote_note":"","_monsterinsights_sitenote_category":0,"footnotes":""},"class_list":["post-378","page","type-page","status-publish","hentry"],"acf":{"hero_image":"https:\/\/cyclingjonkoping.com\/wp-content\/uploads\/2017\/05\/topevent-scaled.jpg","hero_title":"EVENTS","page_title":"WHAT`S UP?","page_text":"Find local cycling events, competitions, open trainings, local clubs, fairs, brev\u00e9ts, or just cycling related stuff happening around J\u00f6nk\u00f6ping, Gr\u00e4nna, Visings\u00f6, Huskvarna and close by in Sm\u00e5land. And of course our own events and camps coming up. Come and join us!","socialmedia_title":"DO NOT MISS OUT FOLLOW US HERE"},"_links":{"self":[{"href":"https:\/\/cyclingjonkoping.com\/en\/wp-json\/wp\/v2\/pages\/378","targetHints":{"allow":["GET"]}}],"collection":[{"href":"https:\/\/cyclingjonkoping.com\/en\/wp-json\/wp\/v2\/pages"}],"about":[{"href":"https:\/\/cyclingjonkoping.com\/en\/wp-json\/wp\/v2\/types\/page"}],"author":[{"embeddable":true,"href":"https:\/\/cyclingjonkoping.com\/en\/wp-json\/wp\/v2\/users\/1"}],"replies":[{"embeddable":true,"href":"https:\/\/cyclingjonkoping.com\/en\/wp-json\/wp\/v2\/comments?post=378"}],"version-history":[{"count":10,"href":"https:\/\/cyclingjonkoping.com\/en\/wp-json\/wp\/v2\/pages\/378\/revisions"}],"predecessor-version":[{"id":747,"href":"https:\/\/cyclingjonkoping.com\/en\/wp-json\/wp\/v2\/pages\/378\/revisions\/747"}],"wp:attachment":[{"href":"https:\/\/cyclingjonkoping.com\/en\/wp-json\/wp\/v2\/media?parent=378"}],"curies":[{"name":"wp","href":"https:\/\/api.w.org\/{rel}","templated":true}]}}