{"id":377,"date":"2017-05-18T22:59:18","date_gmt":"2017-05-18T22:59:18","guid":{"rendered":"http:\/\/localhost\/wordpress\/?page_id=11"},"modified":"2018-06-08T14:31:53","modified_gmt":"2018-06-08T13:31:53","slug":"routes","status":"publish","type":"page","link":"https:\/\/cyclingjonkoping.com\/en\/routes\/","title":{"rendered":"Routes"},"content":{"rendered":"<p>ROUTES<\/p>\n","protected":false},"excerpt":{"rendered":"<p>ROUTES<\/p>\n","protected":false},"author":1,"featured_media":0,"parent":0,"menu_order":0,"comment_status":"closed","ping_status":"closed","template":"pages\/Routes.php","meta":{"_monsterinsights_skip_tracking":false,"_monsterinsights_sitenote_active":false,"_monsterinsights_sitenote_note":"","_monsterinsights_sitenote_category":0,"footnotes":""},"class_list":["post-377","page","type-page","status-publish","hentry"],"acf":{"hero_image":"https:\/\/cyclingjonkoping.com\/wp-content\/uploads\/2017\/06\/Routes-hero.jpg","page_title":"Routes to cycling nirvana in Sweden","page_text":"Get inspired! We\u00b4ll help you find the best of the best of cycling in J\u00f6nk\u00f6ping and it\u00b4s surroundings, of course we see it as one of the best places in Sweden for both road cycling and mountainbiking. Small quiet roads, gravel roads into the distance or MTB-courses for different levels.<br \/>\r\n<br \/>\r\nExplore the map, read our stories on exceptional routes, what not to miss while cycling in J\u00f6nk\u00f6ping, Gr\u00e4nna, Huskvarna and Visings\u00f6. You\u00b4ll find pre set routes with different lengths as well as GPS-files to download. Find view points, steep hills, Strava-segments for glory or the best \u201cfika\u201d for cyclists. And of course - book a guide if you want to find the hidden gems or get some company during your visit!","routes_link_title":"Short links","tes":"","hero_title":"Routes"},"_links":{"self":[{"href":"https:\/\/cyclingjonkoping.com\/en\/wp-json\/wp\/v2\/pages\/377","targetHints":{"allow":["GET"]}}],"collection":[{"href":"https:\/\/cyclingjonkoping.com\/en\/wp-json\/wp\/v2\/pages"}],"about":[{"href":"https:\/\/cyclingjonkoping.com\/en\/wp-json\/wp\/v2\/types\/page"}],"author":[{"embeddable":true,"href":"https:\/\/cyclingjonkoping.com\/en\/wp-json\/wp\/v2\/users\/1"}],"replies":[{"embeddable":true,"href":"https:\/\/cyclingjonkoping.com\/en\/wp-json\/wp\/v2\/comments?post=377"}],"version-history":[{"count":15,"href":"https:\/\/cyclingjonkoping.com\/en\/wp-json\/wp\/v2\/pages\/377\/revisions"}],"predecessor-version":[{"id":1155,"href":"https:\/\/cyclingjonkoping.com\/en\/wp-json\/wp\/v2\/pages\/377\/revisions\/1155"}],"wp:attachment":[{"href":"https:\/\/cyclingjonkoping.com\/en\/wp-json\/wp\/v2\/media?parent=377"}],"curies":[{"name":"wp","href":"https:\/\/api.w.org\/{rel}","templated":true}]}}