{"id":1083,"date":"2018-05-24T21:58:31","date_gmt":"2018-05-24T20:58:31","guid":{"rendered":"http:\/\/cyclingjonkoping.com\/?page_id=1083"},"modified":"2018-05-24T22:28:17","modified_gmt":"2018-05-24T21:28:17","slug":"integritetspolicy","status":"publish","type":"page","link":"https:\/\/cyclingjonkoping.com\/en\/integritetspolicy\/","title":{"rendered":"Privacy policy"},"content":{"rendered":"<p>&nbsp;<\/p>\n<p><strong>Cyling J\u00f6nk\u00f6pings behandling av personuppgifter (in English)<\/strong><\/p>\n<p>Cycling J\u00f6nk\u00f6ping drivs av Firma Tobias Dahlberg och Carl-Johan Andersson.\u00a0V\u00e5r webbplatsadress \u00e4r: cyclingjonkoping.com. Personuppgiftsombud \u00e4r Tobias Dahlberg, kontakt g\u00e4llande nedanst\u00e5ende kan ske via <a href=\"mailto:mail@cyclingjonkoping.com\">mail@cyclingjonkoping.com<\/a>.\u00a0Vi hanterar och beh\u00e5ller enbart uppgifter som \u00e4r relevanta f\u00f6r v\u00e5r verksamhet och i syfte att uppr\u00e4tth\u00e5lla god kundservice och f\u00f6r att kunna kommunicera relevant information med dig. De samtycken till behandling som du l\u00e4mnar enligt nedan kan du n\u00e4r som helst \u00e5terkalla genom att l\u00e4mna meddelande om detta till oss.<\/p>\n<p><strong>Vilka personuppgifter vi samlar in och varf\u00f6r\u00a0<\/strong><\/p>\n<p>Vi samlar in personuppgifter s\u00e5som namn, e-postadress och adress samt hur webbsidan anv\u00e4nds s\u00e5som information i cookie-filer fr\u00e5n webbanalysverktyg. Vi samlar in uppgifterna f\u00f6r att kunna genomf\u00f6ra avtal s\u00e5som bokningar av cyklar, event och guider samt f\u00f6rh\u00f6ja upplevelsen av webbplatsen, f\u00f6rb\u00e4ttra innh\u00e5llet och tillhandah\u00e5lla god service vid f\u00f6rfr\u00e5gningar. Datan kan ocks\u00e5 anv\u00e4ndas som underlag f\u00f6r att genomf\u00f6ra marknadsf\u00f6ringsinsatser mot nya m\u00e5lgrupper.<\/p>\n<p><em><strong>Kontaktformul\u00e4r<\/strong><\/em><\/p>\n<p>Vi sparar information fr\u00e5n kontaktformul\u00e4r en viss tid f\u00f6r kundtj\u00e4nst\u00e4ndam\u00e5l och vidare kundkontakt, den insamlade informationen s\u00e5som e-postadress anv\u00e4nds inte f\u00f6r marknadsf\u00f6ring. Skriver du in kontaktuppgifter f\u00f6r att f\u00e5 v\u00e5rt nyhetsbrev anv\u00e4ndas detta f\u00f6r utskick fr\u00e5n mailchimp.<\/p>\n<p><em><strong>Cookies<\/strong><\/em><\/p>\n<p>Vi anv\u00e4nder ett antal cookies p\u00e5 cyclingjonkoping.com. <a href=\"https:\/\/www.pts.se\/cookies\">Vad \u00e4r cookies.\u00a0<\/a>\u00a0Det handlar om tekniska cookies f\u00f6r att f\u00f6rb\u00e4ttra prestanda samt cookies f\u00f6r statistik och analys. Du kan f\u00f6rutom att ej till\u00e5ta cookies p\u00e5 sajten g\u00e5 in i inst\u00e4llningar i din egen webbl\u00e4sare och ta bort och inaktivera cookies.<\/p>\n<p><em><strong>Bokningsf\u00f6rfr\u00e5gan<\/strong><\/em><\/p>\n<p>F\u00f6r att kunna genomf\u00f6ra utf\u00f6ra bokningsfr\u00e5gningar och avtal tar vi emot dina personuppgifter via bokningsformul\u00e4ret f\u00f6r cykelhyra. Dessa anv\u00e4nds av Sportson J\u00f6nk\u00f6ping f\u00f6r att kunna genomf\u00f6ra din bokning och kontakta dig f\u00f6r bekr\u00e4ftelse. Cycling J\u00f6nk\u00f6ping vill ocks\u00e5 s\u00e4kerst\u00e4lla att du som kund har f\u00e5r kontakt med oss och f\u00e5r del av informationen. Dessa uppgifter anv\u00e4nds endast f\u00f6r att genomf\u00f6ra bokningen och f\u00f6rs inte vidare andra parter.<\/p>\n<p><em><strong>Dataanalys<\/strong><\/em><\/p>\n<p>P\u00e5 siten anv\u00e4nder vi oss av Google Analytics f\u00f6r att f\u00f6lja bes\u00f6karens beteende p\u00e5 webbplatsen och f\u00e5r reda p\u00e5 mer de som bes\u00f6ker webbplatsen, anv\u00e4ndardata. Google f\u00e5r anv\u00e4nda detta f\u00f6r att personfiera annonser. L\u00e4s mer om <a href=\"https:\/\/policies.google.com\/privacy\/update?hl=en&amp;gl=de\">Googles Privacy Policy.\u00a0<\/a>\u00a0Du kan ocks\u00e5 st\u00e4nga av <a href=\"https:\/\/tools.google.com\/dlpage\/gaoptout?hl=en\">Analytics via deras opt-out.<\/a><\/p>\n<p><strong>Vilka vi delar dina data med<\/strong><\/p>\n<p>Uppgifter som l\u00e4mnas i v\u00e5r bokningsfunkntion kan l\u00e4mnas till partners och leverant\u00f6rer. Sportson J\u00f6nk\u00f6ping f\u00e5r ocks\u00e5 den f\u00f6rfr\u00e5gan kring en bokning som du g\u00f6r via Cycling J\u00f6nk\u00f6pings webbplats. Efter adminstrerad bokning och genomf\u00f6rd uthyrning tas informationen bort. Vi kan ocks\u00e5 dela den information du tillhandah\u00e5ller till eventualla partners s\u00e5som hotell eller restaurangen om du kontaktar oss f\u00f6r event eller paketuppl\u00e4gg.<\/p>\n<p><strong>Hur l\u00e4nge vi beh\u00e5ller uppgifter<\/strong><\/p>\n<p>F\u00f6r att administrera bokningar och f\u00f6rfr\u00e5gningar beh\u00e5ller vi informationen max ett \u00e5r. Information i Google Analytics raderas automatiskt efter 26 m\u00e5nader.<\/p>\n<p><strong>Vilka r\u00e4ttigheter du har \u00f6ver din data<\/strong><\/p>\n<p>Genom att du fyller i och l\u00e4mnar dina uppgifter p\u00e5 v\u00e5r webbplats samtycker du till att uppgifterna f\u00e5r anv\u00e4ndas f\u00f6r angivna \u00e4ndam\u00e5l av oss och v\u00e5ra samarbetspartners. Du kan beg\u00e4ra att f\u00e5 ut vilka eventuella personuppgifter vi har om dig alternativ f\u00e5 dem anonymiserade eller borttagna. Detta omfattar inte eventuella uppgifter som vi \u00e4r tvungna att spara av administrativa, legala eller s\u00e4kerhets\u00e4ndam\u00e5l.<\/p>\n<p><strong>Inb\u00e4ddad inneh\u00e5ll fr\u00e5n andra webbplatser<\/strong><\/p>\n<p>Artiklar p\u00e5 denna webbplats kan inneh\u00e5lla inb\u00e4ddat inneh\u00e5ll (exempelvis videoklipp, bilder, artiklar o.s.v.). Inb\u00e4ddat inneh\u00e5ll fr\u00e5n andra webbplatser beter sig precis p\u00e5 samma s\u00e4tt som om bes\u00f6karen har bes\u00f6kt den andra webbplatsen. Dessa webbplatser kan samla in uppgifter om dig, anv\u00e4nda cookie-filer, b\u00e4dda in ytterligare sp\u00e5rning fr\u00e5n tredje part och \u00f6vervaka din interaktion med sagda inb\u00e4ddade inneh\u00e5ll, inklusive sp\u00e5rning av din interaktion med detta inb\u00e4ddade inneh\u00e5ll om du har ett konto och \u00e4r inloggad p\u00e5 webbplatsen i fr\u00e5ga.<\/p>\n<p><a href=\"https:\/\/www.datainspektionen.se\/lagar--regler\/dataskyddsforordningen\/\">L\u00e4s mer om GDPR, dataskyddsf\u00f6rordningen.\u00a0<\/a><\/p>","protected":false},"excerpt":{"rendered":"<p>&nbsp; Cyling J\u00f6nk\u00f6pings behandling av personuppgifter (in English) Cycling J\u00f6nk\u00f6ping drivs av Firma Tobias Dahlberg och Carl-Johan Andersson.\u00a0V\u00e5r webbplatsadress \u00e4r: cyclingjonkoping.com. Personuppgiftsombud \u00e4r Tobias Dahlberg, kontakt g\u00e4llande nedanst\u00e5ende kan ske via mail@cyclingjonkoping.com.\u00a0Vi hanterar och beh\u00e5ller enbart uppgifter som \u00e4r relevanta f\u00f6r v\u00e5r verksamhet och i syfte att uppr\u00e4tth\u00e5lla god kundservice och f\u00f6r att kunna kommunicera [&hellip;]<\/p>\n","protected":false},"author":3,"featured_media":0,"parent":0,"menu_order":0,"comment_status":"closed","ping_status":"closed","template":"","meta":{"_monsterinsights_skip_tracking":false,"_monsterinsights_sitenote_active":false,"_monsterinsights_sitenote_note":"","_monsterinsights_sitenote_category":0,"footnotes":""},"class_list":["post-1083","page","type-page","status-publish","hentry"],"acf":{"hero_image":false,"page_title":"","page_text":""},"_links":{"self":[{"href":"https:\/\/cyclingjonkoping.com\/en\/wp-json\/wp\/v2\/pages\/1083","targetHints":{"allow":["GET"]}}],"collection":[{"href":"https:\/\/cyclingjonkoping.com\/en\/wp-json\/wp\/v2\/pages"}],"about":[{"href":"https:\/\/cyclingjonkoping.com\/en\/wp-json\/wp\/v2\/types\/page"}],"author":[{"embeddable":true,"href":"https:\/\/cyclingjonkoping.com\/en\/wp-json\/wp\/v2\/users\/3"}],"replies":[{"embeddable":true,"href":"https:\/\/cyclingjonkoping.com\/en\/wp-json\/wp\/v2\/comments?post=1083"}],"version-history":[{"count":23,"href":"https:\/\/cyclingjonkoping.com\/en\/wp-json\/wp\/v2\/pages\/1083\/revisions"}],"predecessor-version":[{"id":1113,"href":"https:\/\/cyclingjonkoping.com\/en\/wp-json\/wp\/v2\/pages\/1083\/revisions\/1113"}],"wp:attachment":[{"href":"https:\/\/cyclingjonkoping.com\/en\/wp-json\/wp\/v2\/media?parent=1083"}],"curies":[{"name":"wp","href":"https:\/\/api.w.org\/{rel}","templated":true}]}}